{"id":23,"date":"2020-06-10T22:46:54","date_gmt":"2020-06-11T02:46:54","guid":{"rendered":"http:\/\/ludj28.net\/?page_id=23"},"modified":"2020-06-10T23:20:20","modified_gmt":"2020-06-11T03:20:20","slug":"nos-services","status":"publish","type":"page","link":"https:\/\/ludj28.net\/index.php\/nos-services\/","title":{"rendered":"Nos services"},"content":{"rendered":"\n<div class=\"wp-block-image is-style-rounded\"><figure class=\"aligncenter size-large is-resized\"><img fetchpriority=\"high\" decoding=\"async\" src=\"http:\/\/ludj28.net\/wp-content\/uploads\/2020\/06\/t\u00e9l\u00e9chargement.png\" alt=\"\" class=\"wp-image-39\" width=\"326\" height=\"226\"\/><\/figure><\/div>\n\n\n\n<div class=\"wp-block-group\"><div class=\"wp-block-group__inner-container is-layout-flow wp-block-group-is-layout-flow\">\n<div class=\"wp-block-columns is-layout-flex wp-container-core-columns-is-layout-9d6595d7 wp-block-columns-is-layout-flex\">\n<div class=\"wp-block-column is-layout-flow wp-block-column-is-layout-flow\">\n<div class=\"wp-block-columns is-layout-flex wp-container-core-columns-is-layout-9d6595d7 wp-block-columns-is-layout-flex\">\n<div class=\"wp-block-column is-layout-flow wp-block-column-is-layout-flow\" style=\"flex-basis:33.33%\">\n<figure class=\"wp-block-image size-large is-resized\"><img decoding=\"async\" src=\"http:\/\/ludj28.net\/wp-content\/uploads\/2020\/06\/unnamed.jpg\" alt=\"\" class=\"wp-image-38\" width=\"74\" height=\"55\" srcset=\"https:\/\/ludj28.net\/wp-content\/uploads\/2020\/06\/unnamed.jpg 512w, https:\/\/ludj28.net\/wp-content\/uploads\/2020\/06\/unnamed-300x225.jpg 300w\" sizes=\"(max-width: 74px) 100vw, 74px\" \/><\/figure>\n<\/div>\n\n\n\n<div class=\"wp-block-column is-layout-flow wp-block-column-is-layout-flow\" style=\"flex-basis:66.66%\">\n<pre class=\"wp-block-preformatted\">description service num\u00e9ro 1\ntest test test test testons<\/pre>\n<\/div>\n<\/div>\n<\/div>\n\n\n\n<div class=\"wp-block-column is-layout-flow wp-block-column-is-layout-flow\">\n<div class=\"wp-block-columns is-layout-flex wp-container-core-columns-is-layout-9d6595d7 wp-block-columns-is-layout-flex\">\n<div class=\"wp-block-column is-layout-flow wp-block-column-is-layout-flow\" style=\"flex-basis:33.33%\">\n<figure class=\"wp-block-image size-large\"><img decoding=\"async\" width=\"512\" height=\"384\" src=\"http:\/\/ludj28.net\/wp-content\/uploads\/2020\/06\/unnamed.jpg\" alt=\"\" class=\"wp-image-38\" srcset=\"https:\/\/ludj28.net\/wp-content\/uploads\/2020\/06\/unnamed.jpg 512w, https:\/\/ludj28.net\/wp-content\/uploads\/2020\/06\/unnamed-300x225.jpg 300w\" sizes=\"(max-width: 512px) 100vw, 512px\" \/><\/figure>\n<\/div>\n\n\n\n<div class=\"wp-block-column is-layout-flow wp-block-column-is-layout-flow\" style=\"flex-basis:66.66%\">\n<pre class=\"wp-block-preformatted\"><em>description service num\u00e9ro 1\ntest test test test testons<\/em><\/pre>\n<\/div>\n<\/div>\n<\/div>\n\n\n\n<div class=\"wp-block-column is-layout-flow wp-block-column-is-layout-flow\">\n<div class=\"wp-block-columns is-layout-flex wp-container-core-columns-is-layout-9d6595d7 wp-block-columns-is-layout-flex\">\n<div class=\"wp-block-column is-layout-flow wp-block-column-is-layout-flow\" style=\"flex-basis:33.33%\">\n<figure class=\"wp-block-image size-large\"><img decoding=\"async\" width=\"512\" height=\"384\" src=\"http:\/\/ludj28.net\/wp-content\/uploads\/2020\/06\/unnamed.jpg\" alt=\"\" class=\"wp-image-38\" srcset=\"https:\/\/ludj28.net\/wp-content\/uploads\/2020\/06\/unnamed.jpg 512w, https:\/\/ludj28.net\/wp-content\/uploads\/2020\/06\/unnamed-300x225.jpg 300w\" sizes=\"(max-width: 512px) 100vw, 512px\" \/><\/figure>\n<\/div>\n\n\n\n<div class=\"wp-block-column is-layout-flow wp-block-column-is-layout-flow\" style=\"flex-basis:66.66%\">\n<pre class=\"wp-block-preformatted\">description service num\u00e9ro 1\ntest test test test testons<\/pre>\n<\/div>\n<\/div>\n<\/div>\n<\/div>\n<\/div><\/div>\n\n\n\n<div class=\"wp-block-columns is-layout-flex wp-container-core-columns-is-layout-9d6595d7 wp-block-columns-is-layout-flex\">\n<div class=\"wp-block-column is-layout-flow wp-block-column-is-layout-flow\">\n<div class=\"wp-block-columns is-layout-flex wp-container-core-columns-is-layout-9d6595d7 wp-block-columns-is-layout-flex\">\n<div class=\"wp-block-column is-layout-flow wp-block-column-is-layout-flow\" style=\"flex-basis:33.33%\"><\/div>\n\n\n\n<div class=\"wp-block-column is-layout-flow wp-block-column-is-layout-flow\" style=\"flex-basis:66.66%\"><\/div>\n<\/div>\n<\/div>\n\n\n\n<div class=\"wp-block-column is-layout-flow wp-block-column-is-layout-flow\">\n<div class=\"wp-block-columns is-layout-flex wp-container-core-columns-is-layout-9d6595d7 wp-block-columns-is-layout-flex\">\n<div class=\"wp-block-column is-layout-flow wp-block-column-is-layout-flow\" style=\"flex-basis:33.33%\"><\/div>\n\n\n\n<div class=\"wp-block-column is-layout-flow wp-block-column-is-layout-flow\" style=\"flex-basis:66.66%\"><\/div>\n<\/div>\n<\/div>\n\n\n\n<div class=\"wp-block-column is-layout-flow wp-block-column-is-layout-flow\">\n<div class=\"wp-block-columns is-layout-flex wp-container-core-columns-is-layout-9d6595d7 wp-block-columns-is-layout-flex\">\n<div class=\"wp-block-column is-layout-flow wp-block-column-is-layout-flow\" style=\"flex-basis:33.33%\"><\/div>\n\n\n\n<div class=\"wp-block-column is-layout-flow wp-block-column-is-layout-flow\" style=\"flex-basis:66.66%\"><\/div>\n<\/div>\n<\/div>\n<\/div>\n\n\n\n<p><\/p>\n","protected":false},"excerpt":{"rendered":"<p>description service num\u00e9ro 1 test test test test testons description service num\u00e9ro 1 test test test test testons description service num\u00e9ro 1 test test test test testons<\/p>\n","protected":false},"author":1,"featured_media":0,"parent":0,"menu_order":0,"comment_status":"closed","ping_status":"closed","template":"","meta":{"footnotes":""},"class_list":["post-23","page","type-page","status-publish","hentry"],"_links":{"self":[{"href":"https:\/\/ludj28.net\/index.php\/wp-json\/wp\/v2\/pages\/23","targetHints":{"allow":["GET"]}}],"collection":[{"href":"https:\/\/ludj28.net\/index.php\/wp-json\/wp\/v2\/pages"}],"about":[{"href":"https:\/\/ludj28.net\/index.php\/wp-json\/wp\/v2\/types\/page"}],"author":[{"embeddable":true,"href":"https:\/\/ludj28.net\/index.php\/wp-json\/wp\/v2\/users\/1"}],"replies":[{"embeddable":true,"href":"https:\/\/ludj28.net\/index.php\/wp-json\/wp\/v2\/comments?post=23"}],"version-history":[{"count":4,"href":"https:\/\/ludj28.net\/index.php\/wp-json\/wp\/v2\/pages\/23\/revisions"}],"predecessor-version":[{"id":40,"href":"https:\/\/ludj28.net\/index.php\/wp-json\/wp\/v2\/pages\/23\/revisions\/40"}],"wp:attachment":[{"href":"https:\/\/ludj28.net\/index.php\/wp-json\/wp\/v2\/media?parent=23"}],"curies":[{"name":"wp","href":"https:\/\/api.w.org\/{rel}","templated":true}]}}